{"id":23,"date":"2019-07-09T12:56:33","date_gmt":"2019-07-09T09:56:33","guid":{"rendered":"http:\/\/makyajkursu.org\/?page_id=23"},"modified":"2019-07-09T12:56:33","modified_gmt":"2019-07-09T09:56:33","slug":"microblading-kursu","status":"publish","type":"page","link":"http:\/\/makyajkursu.org\/index.php\/microblading-kursu\/","title":{"rendered":"Microblading Kursu"},"content":{"rendered":"\n<h2 class=\"wp-block-heading\">Microblading Kursu<\/h2>\n\n\n\n<h3 class=\"wp-block-heading\">Make-Up Pro da Microblading E\u011fitimleri Ba\u015flad\u0131<\/h3>\n\n\n\n<div class=\"wp-block-image\"><figure class=\"alignleft\"><a href=\"https:\/\/web.archive.org\/web\/20180831172701\/http:\/\/makyajkursu.org\/wp-content\/uploads\/2017\/04\/makyaj-e\u011fitimi.jpg\"><img decoding=\"async\" src=\"https:\/\/web.archive.org\/web\/20180831172701im_\/http:\/\/makyajkursu.org\/wp-content\/uploads\/2017\/04\/makyaj-e\u011fitimi-300x200.jpg\" alt=\"makyaj e\u011fitimi\" class=\"wp-image-441\"\/><\/a><\/figure><\/div>\n\n\n\n<p>Make\n up pro olarak s\u00fcrekli makyaj e\u011fitimleri verdi\u011fimiz i\u00e7in Microblading \nuygulama ve e\u011fitimlerine art\u0131k daha fazla vakit ay\u0131raca\u011f\u0131m\u0131z\u0131 sizlerle \npayla\u015f\u0131yoruz.<br>\nBildi\u011finiz gibi ka\u015f \u015fekillendirme sisteminde D\u00fcnya \u00fczerinde 2 farkl\u0131 metod uygulanmaktad\u0131r.<br>\n\u0130lki; Kal\u0131c\u0131 Makyaj (Permanant Makeup )<br>\n\u0130kincisi ise Yar\u0131 Kal\u0131c\u0131 (Semi Permanent Makeup )<br>\nEyeliner Sevenler i\u00e7in Kal\u0131c\u0131 Eyeliner Uygulamalar\u0131<br>\nDudak \u00e7er\u00e7evesini belirginle\u015ftirmek isteyenler i\u00e7in ise Dudak Kont\u00f6r\u00fc Uygulamalar\u0131 yapabilirsiniz.<br>\nMakeup&nbsp; Pro olarak ayda bir haftam\u0131z\u0131 Kal\u0131c\u0131 Makyaj Uygulamalar\u0131na ay\u0131rd\u0131\u011f\u0131m\u0131z\u0131 sizlere sevgiyle sunuyoruz<br>\nDetaylar i\u00e7in Akademimzi arayabilirsiniz.<\/p>\n\n\n\n<p>Bizi Sosyal Medya dan takip edebilirsiniz .<\/p>\n\n\n\n<ul class=\"wp-block-list\"><li>&nbsp;&nbsp;&nbsp; Facebook : https:\/\/www.facebook.com\/NURGULKOLUKIRIK<\/li><li>&nbsp;&nbsp;&nbsp; Facebook Be\u011fen Sayfam\u0131z : https:\/\/www.facebook.com\/MicrobladingAcademy\/<\/li><li>&nbsp;&nbsp;&nbsp; \u0130nstagram \u00d6zel : https:\/\/www.instagram.com\/nurgulkolukirik\/<\/li><li>&nbsp;&nbsp;&nbsp; \u0130nstagram \u0130\u015f Sayfam\u0131z : https:\/\/www.instagram.com\/makeupproacademy\/<\/li><li>&nbsp;&nbsp;&nbsp; Youtube : https:\/\/www.youtube.com\/user\/nurgulkolukirik\/videos<\/li><\/ul>\n\n\n\n<div class=\"wp-block-image\"><figure class=\"aligncenter\"><a href=\"https:\/\/web.archive.org\/web\/20180831172701\/http:\/\/makyajkursu.org\/wp-content\/uploads\/2017\/04\/microblading-kursu.jpg\" rel=\"wp-prettyPhoto[23]\"><img decoding=\"async\" src=\"https:\/\/web.archive.org\/web\/20180831172701im_\/http:\/\/makyajkursu.org\/wp-content\/uploads\/2017\/04\/microblading-kursu-1024x683.jpg\" alt=\"microblading kursu\" class=\"wp-image-442\"\/><\/a><\/figure><\/div>\n\n\n\n<div class=\"wp-block-image\"><figure class=\"aligncenter\"><a href=\"https:\/\/web.archive.org\/web\/20180831172701\/http:\/\/makyajkursu.org\/wp-content\/uploads\/2017\/04\/kal\u0131c\u0131-makyaj-e\u011fitimi.jpg\"><img decoding=\"async\" src=\"https:\/\/web.archive.org\/web\/20180831172701im_\/http:\/\/makyajkursu.org\/wp-content\/uploads\/2017\/04\/kal\u0131c\u0131-makyaj-e\u011fitimi-1024x683.jpg\" alt=\"kal\u0131c\u0131 makyaj e\u011fitimi\" class=\"wp-image-440\"\/><\/a><\/figure><\/div>\n\n\n\n<p>Videolar<\/p>\n\n\n\n<figure class=\"wp-block-embed-youtube aligncenter wp-block-embed is-type-video is-provider-youtube wp-embed-aspect-16-9 wp-has-aspect-ratio\"><div class=\"wp-block-embed__wrapper\">\n<iframe loading=\"lazy\" title=\"Makyaj E\u011fitimi - Makeup Course by Makeup Pro Academy Nurg\u00fcl Koluk\u0131r\u0131k\" width=\"600\" height=\"338\" src=\"https:\/\/www.youtube.com\/embed\/ZSwKxOSlt8A?feature=oembed\" frameborder=\"0\" allow=\"accelerometer; autoplay; clipboard-write; encrypted-media; gyroscope; picture-in-picture; web-share\" referrerpolicy=\"strict-origin-when-cross-origin\" allowfullscreen><\/iframe>\n<\/div><\/figure>\n\n\n\n<figure class=\"wp-block-embed-youtube aligncenter wp-block-embed is-type-video is-provider-youtube wp-embed-aspect-16-9 wp-has-aspect-ratio\"><div class=\"wp-block-embed__wrapper\">\n<iframe loading=\"lazy\" title=\"Makyaj E\u011fitimi Denizli P\u0131nar Aksoy\" width=\"600\" height=\"338\" src=\"https:\/\/www.youtube.com\/embed\/i7kFxDAe5_w?feature=oembed\" frameborder=\"0\" allow=\"accelerometer; autoplay; clipboard-write; encrypted-media; gyroscope; picture-in-picture; web-share\" referrerpolicy=\"strict-origin-when-cross-origin\" allowfullscreen><\/iframe>\n<\/div><\/figure>\n\n\n\n<figure class=\"wp-block-embed-youtube aligncenter wp-block-embed is-type-video is-provider-youtube wp-embed-aspect-16-9 wp-has-aspect-ratio\"><div class=\"wp-block-embed__wrapper\">\n<iframe loading=\"lazy\" title=\"Makeup Pro Makyaj E\u011fitimi Mart 2017\" width=\"600\" height=\"338\" src=\"https:\/\/www.youtube.com\/embed\/4gqjpx9r8mU?feature=oembed\" frameborder=\"0\" allow=\"accelerometer; autoplay; clipboard-write; encrypted-media; gyroscope; picture-in-picture; web-share\" referrerpolicy=\"strict-origin-when-cross-origin\" allowfullscreen><\/iframe>\n<\/div><\/figure>\n\n\n\n<figure class=\"wp-block-embed-youtube aligncenter wp-block-embed is-type-video is-provider-youtube wp-embed-aspect-16-9 wp-has-aspect-ratio\"><div class=\"wp-block-embed__wrapper\">\n<iframe loading=\"lazy\" title=\"MAKYAJ KURSU\" width=\"600\" height=\"338\" src=\"https:\/\/www.youtube.com\/embed\/txqcQYb1PvE?feature=oembed\" frameborder=\"0\" allow=\"accelerometer; autoplay; clipboard-write; encrypted-media; gyroscope; picture-in-picture; web-share\" referrerpolicy=\"strict-origin-when-cross-origin\" allowfullscreen><\/iframe>\n<\/div><\/figure>\n\n\n\n<figure class=\"wp-block-embed-youtube aligncenter wp-block-embed is-type-video is-provider-youtube wp-embed-aspect-16-9 wp-has-aspect-ratio\"><div class=\"wp-block-embed__wrapper\">\n<iframe loading=\"lazy\" title=\"Dina Maimaiti \u5316\u5986\u8bfe\u7a0b\" width=\"600\" height=\"338\" src=\"https:\/\/www.youtube.com\/embed\/RDXsECmX3T0?feature=oembed\" frameborder=\"0\" allow=\"accelerometer; autoplay; clipboard-write; encrypted-media; gyroscope; picture-in-picture; web-share\" referrerpolicy=\"strict-origin-when-cross-origin\" allowfullscreen><\/iframe>\n<\/div><\/figure>\n\n\n\n<figure class=\"wp-block-embed-youtube aligncenter wp-block-embed is-type-video is-provider-youtube wp-embed-aspect-16-9 wp-has-aspect-ratio\"><div class=\"wp-block-embed__wrapper\">\n<iframe loading=\"lazy\" title=\"Makyaj E\u011fitimi\" width=\"600\" height=\"338\" src=\"https:\/\/www.youtube.com\/embed\/Xs6PCSULNLo?feature=oembed\" frameborder=\"0\" allow=\"accelerometer; autoplay; clipboard-write; encrypted-media; gyroscope; picture-in-picture; web-share\" referrerpolicy=\"strict-origin-when-cross-origin\" allowfullscreen><\/iframe>\n<\/div><\/figure>\n\n\n\n<figure class=\"wp-block-embed-youtube aligncenter wp-block-embed is-type-video is-provider-youtube wp-embed-aspect-16-9 wp-has-aspect-ratio\"><div class=\"wp-block-embed__wrapper\">\n<iframe loading=\"lazy\" title=\"Makyaj E\u011fitimi \u0130stanbul H\u00fclya Av\u015far\" width=\"600\" height=\"338\" src=\"https:\/\/www.youtube.com\/embed\/5qBHevp6EkE?feature=oembed\" frameborder=\"0\" allow=\"accelerometer; autoplay; clipboard-write; encrypted-media; gyroscope; picture-in-picture; web-share\" referrerpolicy=\"strict-origin-when-cross-origin\" allowfullscreen><\/iframe>\n<\/div><\/figure>\n\n\n\n<figure class=\"wp-block-embed-youtube wp-block-embed is-type-video is-provider-youtube wp-embed-aspect-16-9 wp-has-aspect-ratio\"><div class=\"wp-block-embed__wrapper\">\n<iframe loading=\"lazy\" title=\"Makyaj E\u011fitimi \u0130stanbul Sevda Av\u015far\" width=\"600\" height=\"338\" src=\"https:\/\/www.youtube.com\/embed\/EdjmGLDbDa4?feature=oembed\" frameborder=\"0\" allow=\"accelerometer; autoplay; clipboard-write; encrypted-media; gyroscope; picture-in-picture; web-share\" referrerpolicy=\"strict-origin-when-cross-origin\" allowfullscreen><\/iframe>\n<\/div><\/figure>\n","protected":false},"excerpt":{"rendered":"<p>Microblading Kursu Make-Up Pro da Microblading E\u011fitimleri Ba\u015flad\u0131 Make up pro olarak s\u00fcrekli makyaj e\u011fitimleri verdi\u011fimiz i\u00e7in Microblading uygulama ve e\u011fitimlerine art\u0131k daha fazla vakit ay\u0131raca\u011f\u0131m\u0131z\u0131 sizlerle payla\u015f\u0131yoruz. Bildi\u011finiz gibi ka\u015f \u015fekillendirme sisteminde D\u00fcnya \u00fczerinde 2 farkl\u0131 metod uygulanmaktad\u0131r. \u0130lki; Kal\u0131c\u0131 Makyaj (Permanant Makeup ) \u0130kincisi ise<\/p>\n","protected":false},"author":1,"featured_media":0,"parent":0,"menu_order":0,"comment_status":"closed","ping_status":"closed","template":"","meta":{"footnotes":""},"tags":[],"class_list":["post-23","page","type-page","status-publish","hentry"],"aioseo_notices":[],"_links":{"self":[{"href":"http:\/\/makyajkursu.org\/index.php\/wp-json\/wp\/v2\/pages\/23","targetHints":{"allow":["GET"]}}],"collection":[{"href":"http:\/\/makyajkursu.org\/index.php\/wp-json\/wp\/v2\/pages"}],"about":[{"href":"http:\/\/makyajkursu.org\/index.php\/wp-json\/wp\/v2\/types\/page"}],"author":[{"embeddable":true,"href":"http:\/\/makyajkursu.org\/index.php\/wp-json\/wp\/v2\/users\/1"}],"replies":[{"embeddable":true,"href":"http:\/\/makyajkursu.org\/index.php\/wp-json\/wp\/v2\/comments?post=23"}],"version-history":[{"count":1,"href":"http:\/\/makyajkursu.org\/index.php\/wp-json\/wp\/v2\/pages\/23\/revisions"}],"predecessor-version":[{"id":24,"href":"http:\/\/makyajkursu.org\/index.php\/wp-json\/wp\/v2\/pages\/23\/revisions\/24"}],"wp:attachment":[{"href":"http:\/\/makyajkursu.org\/index.php\/wp-json\/wp\/v2\/media?parent=23"}],"wp:term":[{"taxonomy":"post_tag","embeddable":true,"href":"http:\/\/makyajkursu.org\/index.php\/wp-json\/wp\/v2\/tags?post=23"}],"curies":[{"name":"wp","href":"https:\/\/api.w.org\/{rel}","templated":true}]}}